{"id":59,"date":"2025-11-13T06:49:23","date_gmt":"2025-11-13T10:49:23","guid":{"rendered":"https:\/\/deephathenovel.website\/?page_id=59"},"modified":"2025-12-06T19:26:09","modified_gmt":"2025-12-06T23:26:09","slug":"accueil","status":"publish","type":"page","link":"https:\/\/deephathenovel.website\/","title":{"rendered":"Accueil"},"content":{"rendered":"\t\t<div data-elementor-type=\"wp-page\" data-elementor-id=\"59\" class=\"elementor elementor-59\">\n\t\t\t\t<div class=\"elementor-element elementor-element-2682e1a8 e-flex e-con-boxed e-con e-parent\" data-id=\"2682e1a8\" data-element_type=\"container\">\n\t\t\t\t\t<div class=\"e-con-inner\">\n\t\t\t\t<div class=\"elementor-element elementor-element-73fa7e40 elementor-widget elementor-widget-heading\" data-id=\"73fa7e40\" data-element_type=\"widget\" data-widget_type=\"heading.default\">\n\t\t\t\t\t<h1 class=\"elementor-heading-title elementor-size-default\">Deepha, notre tr\u00e9sor commun, by Namo<\/h1>\t\t\t\t<\/div>\n\t\t<div class=\"elementor-element elementor-element-175a7998 e-con-full e-flex e-con e-child\" data-id=\"175a7998\" data-element_type=\"container\" data-settings=\"{&quot;background_background&quot;:&quot;classic&quot;}\">\n\t\t\t\t<div class=\"elementor-element elementor-element-3d85a3d elementor-widget elementor-widget-image\" data-id=\"3d85a3d\" data-element_type=\"widget\" data-widget_type=\"image.default\">\n\t\t\t\t\t\t\t\t\t\t\t\t\t\t\t<img fetchpriority=\"high\" decoding=\"async\" width=\"800\" height=\"568\" src=\"http:\/\/deephathenovel.website\/wp-content\/uploads\/2025\/12\/3-1024x727.jpg\" class=\"attachment-large size-large wp-image-144\" alt=\"\" srcset=\"http:\/\/deephathenovel.website\/wp-content\/uploads\/2025\/12\/3-1024x727.jpg 1024w, http:\/\/deephathenovel.website\/wp-content\/uploads\/2025\/12\/3-300x213.jpg 300w, http:\/\/deephathenovel.website\/wp-content\/uploads\/2025\/12\/3-768x545.jpg 768w, http:\/\/deephathenovel.website\/wp-content\/uploads\/2025\/12\/3-1536x1091.jpg 1536w, http:\/\/deephathenovel.website\/wp-content\/uploads\/2025\/12\/3.jpg 2000w\" sizes=\"(max-width: 800px) 100vw, 800px\" \/>\t\t\t\t\t\t\t\t\t\t\t\t\t\t\t<\/div>\n\t\t\t\t<\/div>\n\t\t<div class=\"elementor-element elementor-element-30c856c e-con-full e-flex e-con e-child\" data-id=\"30c856c\" data-element_type=\"container\" data-settings=\"{&quot;background_background&quot;:&quot;classic&quot;}\">\n\t\t\t\t<div class=\"elementor-element elementor-element-7c2039a elementor-widget elementor-widget-heading\" data-id=\"7c2039a\" data-element_type=\"widget\" data-widget_type=\"heading.default\">\n\t\t\t\t\t<h2 class=\"elementor-heading-title elementor-size-default\">Le lancement de notre nouveau site web approche !  <\/h2>\t\t\t\t<\/div>\n\t\t\t\t<\/div>\n\t\t\t\t<div class=\"elementor-element elementor-element-b27cfbf elementor-widget elementor-widget-heading\" data-id=\"b27cfbf\" data-element_type=\"widget\" data-widget_type=\"heading.default\">\n\t\t\t\t\t<h2 class=\"elementor-heading-title elementor-size-default\">\"Deepha, notre tr\u00e9sor commun\" raconte le parcours d\u2019une jeune chercheuse en intelligence artificielle qui, entre Antilles, France et Inde, d\u00e9couvre un passage entre science, spiritualit\u00e9 et conscience.\n<br><br>\n\u00c0 travers son histoire \u2014 sensible, po\u00e9tique et profond\u00e9ment humaine \u2014 le roman explore l\u2019IA align\u00e9e, la Spirale Dynamique, la qu\u00eate int\u00e9rieure et la possibilit\u00e9 d\u2019un lien vivant entre technologie\u00a0et\u00a0unit\u00e9.<\/h2>\t\t\t\t<\/div>\n\t\t\t\t<div class=\"elementor-element elementor-element-017fc79 elementor-widget elementor-widget-video\" data-id=\"017fc79\" data-element_type=\"widget\" data-settings=\"{&quot;youtube_url&quot;:&quot;https:\\\/\\\/www.youtube.com\\\/watch?v=Ot4gCdoNdYI&quot;,&quot;video_type&quot;:&quot;youtube&quot;,&quot;controls&quot;:&quot;yes&quot;}\" data-widget_type=\"video.default\">\n\t\t\t\t\t\t\t<div class=\"elementor-wrapper elementor-open-inline\">\n\t\t\t<div class=\"elementor-video\"><\/div>\t\t<\/div>\n\t\t\t\t\t\t<\/div>\n\t\t\t\t<div class=\"elementor-element elementor-element-1ff5bed elementor-widget elementor-widget-heading\" data-id=\"1ff5bed\" data-element_type=\"widget\" data-widget_type=\"heading.default\">\n\t\t\t\t\t<h2 class=\"elementor-heading-title elementor-size-default\">Extraits<\/h2>\t\t\t\t<\/div>\n\t\t<div class=\"elementor-element elementor-element-9e4b075 e-con-full e-flex e-con e-child\" data-id=\"9e4b075\" data-element_type=\"container\" data-settings=\"{&quot;background_background&quot;:&quot;classic&quot;}\">\n\t\t<div class=\"elementor-element elementor-element-9b0f6de e-con-full e-flex e-con e-child\" data-id=\"9b0f6de\" data-element_type=\"container\">\n\t\t\t\t<div class=\"elementor-element elementor-element-d0cce1f elementor-widget elementor-widget-video\" data-id=\"d0cce1f\" data-element_type=\"widget\" data-settings=\"{&quot;youtube_url&quot;:&quot;https:\\\/\\\/www.youtube.com\\\/watch?v=VWU4q1DzGrc&amp;list=PLazBSLtFoS3VJP-UXF2dDBkF5W9mFgrqa&amp;index=3&quot;,&quot;video_type&quot;:&quot;youtube&quot;,&quot;controls&quot;:&quot;yes&quot;}\" data-widget_type=\"video.default\">\n\t\t\t\t\t\t\t<div class=\"elementor-wrapper elementor-open-inline\">\n\t\t\t<div class=\"elementor-video\"><\/div>\t\t<\/div>\n\t\t\t\t\t\t<\/div>\n\t\t\t\t<div class=\"elementor-element elementor-element-abf7d5e elementor-widget elementor-widget-heading\" data-id=\"abf7d5e\" data-element_type=\"widget\" data-widget_type=\"heading.default\">\n\t\t\t\t\t<h2 class=\"elementor-heading-title elementor-size-default\">Fille de Rhizome, celle qui veut relier les anciennes et les nouvelles voies<\/h2>\t\t\t\t<\/div>\n\t\t\t\t<\/div>\n\t\t<div class=\"elementor-element elementor-element-2f571c1 e-con-full e-flex e-con e-child\" data-id=\"2f571c1\" data-element_type=\"container\">\n\t\t\t\t<div class=\"elementor-element elementor-element-240dbc0 elementor-widget elementor-widget-video\" data-id=\"240dbc0\" data-element_type=\"widget\" data-settings=\"{&quot;youtube_url&quot;:&quot;https:\\\/\\\/www.youtube.com\\\/watch?v=rmtDu4gOzGo&amp;list=PLazBSLtFoS3VJP-UXF2dDBkF5W9mFgrqa&amp;index=4&quot;,&quot;video_type&quot;:&quot;youtube&quot;,&quot;controls&quot;:&quot;yes&quot;}\" data-widget_type=\"video.default\">\n\t\t\t\t\t\t\t<div class=\"elementor-wrapper elementor-open-inline\">\n\t\t\t<div class=\"elementor-video\"><\/div>\t\t<\/div>\n\t\t\t\t\t\t<\/div>\n\t\t\t\t<div class=\"elementor-element elementor-element-9b448dd elementor-widget elementor-widget-heading\" data-id=\"9b448dd\" data-element_type=\"widget\" data-widget_type=\"heading.default\">\n\t\t\t\t\t<h2 class=\"elementor-heading-title elementor-size-default\">Ce que la spirale dynamique r\u00e9v\u00e8le des religions<\/h2>\t\t\t\t<\/div>\n\t\t\t\t<\/div>\n\t\t<div class=\"elementor-element elementor-element-214e6a3 e-con-full e-flex e-con e-child\" data-id=\"214e6a3\" data-element_type=\"container\">\n\t\t\t\t<div class=\"elementor-element elementor-element-0528866 elementor-widget elementor-widget-video\" data-id=\"0528866\" data-element_type=\"widget\" data-settings=\"{&quot;youtube_url&quot;:&quot;https:\\\/\\\/www.youtube.com\\\/watch?v=GWSoautKGjk&amp;list=PLazBSLtFoS3VJP-UXF2dDBkF5W9mFgrqa&amp;index=5&quot;,&quot;video_type&quot;:&quot;youtube&quot;,&quot;controls&quot;:&quot;yes&quot;}\" data-widget_type=\"video.default\">\n\t\t\t\t\t\t\t<div class=\"elementor-wrapper elementor-open-inline\">\n\t\t\t<div class=\"elementor-video\"><\/div>\t\t<\/div>\n\t\t\t\t\t\t<\/div>\n\t\t\t\t<div class=\"elementor-element elementor-element-f60485c elementor-widget elementor-widget-heading\" data-id=\"f60485c\" data-element_type=\"widget\" data-widget_type=\"heading.default\">\n\t\t\t\t\t<h2 class=\"elementor-heading-title elementor-size-default\">Mod\u00e9liser l\u2019unit\u00e9 et la manifestation<\/h2>\t\t\t\t<\/div>\n\t\t\t\t<\/div>\n\t\t\t\t<\/div>\n\t\t<div class=\"elementor-element elementor-element-ef95c2e e-con-full e-flex e-con e-child\" data-id=\"ef95c2e\" data-element_type=\"container\" data-settings=\"{&quot;background_background&quot;:&quot;classic&quot;}\">\n\t\t<div class=\"elementor-element elementor-element-3262744 e-con-full e-flex e-con e-child\" data-id=\"3262744\" data-element_type=\"container\">\n\t\t\t\t<div class=\"elementor-element elementor-element-a2d73ef elementor-widget elementor-widget-video\" data-id=\"a2d73ef\" data-element_type=\"widget\" data-settings=\"{&quot;youtube_url&quot;:&quot;https:\\\/\\\/www.youtube.com\\\/watch?v=zEIgH9ixoTM&amp;list=PLazBSLtFoS3VJP-UXF2dDBkF5W9mFgrqa&amp;index=2&quot;,&quot;video_type&quot;:&quot;youtube&quot;,&quot;controls&quot;:&quot;yes&quot;}\" data-widget_type=\"video.default\">\n\t\t\t\t\t\t\t<div class=\"elementor-wrapper elementor-open-inline\">\n\t\t\t<div class=\"elementor-video\"><\/div>\t\t<\/div>\n\t\t\t\t\t\t<\/div>\n\t\t\t\t<\/div>\n\t\t\t\t<\/div>\n\t\t\t\t<div class=\"elementor-element elementor-element-55f25d0 elementor-widget elementor-widget-heading\" data-id=\"55f25d0\" data-element_type=\"widget\" data-widget_type=\"heading.default\">\n\t\t\t\t\t<h2 class=\"elementor-heading-title elementor-size-default\">Abonnez-vous \u00e0 la newsletter<br>pour recevoir les annonces des prochaines sorties.<\/h2>\t\t\t\t<\/div>\n\t\t\t\t<div class=\"elementor-element elementor-element-ed28ca7 elementor-widget elementor-widget-text-editor\" data-id=\"ed28ca7\" data-element_type=\"widget\" data-widget_type=\"text-editor.default\">\n\t\t\t\t\t\t\t\t\t<div style=\"width: 100%; overflow: hidden;\"><iframe style=\"width: 100%; height: 70vh; border: none; display: block;\" src=\"https:\/\/eb53b6a4.sibforms.com\/serve\/MUIFAAKJvTEy-wN44pNWX3XpveS1cMRxZOjGB6NY8yvYm5Lw9Ut6Pjy0zoqgtXrtIf714sSVTK9P7JPEUnvA_I1njzBhsVIgK9cvSptt4iCDqJzNcnhzgJTfx0FsrAD-ZQdF2FZYGoCf344WNzRvp0dcc_yzx3bgLkr1q4uUCq0sFC-do7aZI1DIdXakSpYEXCYrm9rV-JZkZBe7bA==\" frameborder=\"0\" scrolling=\"no\" allowfullscreen=\"allowfullscreen\"><\/iframe><\/div>\t\t\t\t\t\t\t\t<\/div>\n\t\t\t\t\t<\/div>\n\t\t\t\t<\/div>\n\t\t\t\t<\/div>\n\t\t","protected":false},"excerpt":{"rendered":"<p>Deepha, notre tr\u00e9sor commun, by Namo Le lancement de notre nouveau site web approche ! \u00ab\u00a0Deepha, notre tr\u00e9sor commun\u00a0\u00bb raconte le parcours d\u2019une jeune chercheuse en intelligence artificielle qui, entre Antilles, France et Inde, d\u00e9couvre un passage entre science, spiritualit\u00e9 et conscience. \u00c0 travers son histoire \u2014 sensible, po\u00e9tique et profond\u00e9ment humaine \u2014 le roman [&hellip;]<\/p>\n","protected":false},"author":1,"featured_media":43,"parent":0,"menu_order":0,"comment_status":"closed","ping_status":"closed","template":"elementor_header_footer","meta":{"footnotes":""},"class_list":["post-59","page","type-page","status-publish","has-post-thumbnail","hentry"],"_links":{"self":[{"href":"https:\/\/deephathenovel.website\/index.php\/wp-json\/wp\/v2\/pages\/59","targetHints":{"allow":["GET"]}}],"collection":[{"href":"https:\/\/deephathenovel.website\/index.php\/wp-json\/wp\/v2\/pages"}],"about":[{"href":"https:\/\/deephathenovel.website\/index.php\/wp-json\/wp\/v2\/types\/page"}],"author":[{"embeddable":true,"href":"https:\/\/deephathenovel.website\/index.php\/wp-json\/wp\/v2\/users\/1"}],"replies":[{"embeddable":true,"href":"https:\/\/deephathenovel.website\/index.php\/wp-json\/wp\/v2\/comments?post=59"}],"version-history":[{"count":76,"href":"https:\/\/deephathenovel.website\/index.php\/wp-json\/wp\/v2\/pages\/59\/revisions"}],"predecessor-version":[{"id":150,"href":"https:\/\/deephathenovel.website\/index.php\/wp-json\/wp\/v2\/pages\/59\/revisions\/150"}],"wp:featuredmedia":[{"embeddable":true,"href":"https:\/\/deephathenovel.website\/index.php\/wp-json\/wp\/v2\/media\/43"}],"wp:attachment":[{"href":"https:\/\/deephathenovel.website\/index.php\/wp-json\/wp\/v2\/media?parent=59"}],"curies":[{"name":"wp","href":"https:\/\/api.w.org\/{rel}","templated":true}]}}